{"id":96,"date":"2018-06-18T06:57:57","date_gmt":"2018-06-18T06:57:57","guid":{"rendered":"https:\/\/serapeplab.com\/about\/"},"modified":"2026-04-30T09:33:58","modified_gmt":"2026-04-30T09:33:58","slug":"about","status":"publish","type":"page","link":"https:\/\/serapeplab.com\/it\/about\/","title":{"rendered":"About"},"content":{"rendered":"\t\t<div data-elementor-type=\"wp-post\" data-elementor-id=\"96\" class=\"elementor elementor-96\">\n\t\t\t\t\t\t<section class=\"elementor-section elementor-top-section elementor-element elementor-element-7af1913 elementor-section-content-middle elementor-section-boxed elementor-section-height-default elementor-section-height-default\" data-id=\"7af1913\" data-element_type=\"section\" data-e-type=\"section\" data-settings=\"{&quot;background_background&quot;:&quot;slideshow&quot;,&quot;background_slideshow_gallery&quot;:[{&quot;id&quot;:7193,&quot;url&quot;:&quot;https:\\\/\\\/serapeplab.com\\\/wp-content\\\/uploads\\\/2026\\\/04\\\/120320_eg_polywater_feat.webp&quot;}],&quot;background_slideshow_loop&quot;:&quot;yes&quot;,&quot;background_slideshow_slide_duration&quot;:5000,&quot;background_slideshow_slide_transition&quot;:&quot;fade&quot;,&quot;background_slideshow_transition_duration&quot;:500}\">\n\t\t\t\t\t\t\t<div class=\"elementor-background-overlay\"><\/div>\n\t\t\t\t\t\t\t<div class=\"elementor-container elementor-column-gap-default\">\n\t\t\t\t\t<div class=\"elementor-column elementor-col-100 elementor-top-column elementor-element elementor-element-6ed6cac\" data-id=\"6ed6cac\" data-element_type=\"column\" data-e-type=\"column\">\n\t\t\t<div class=\"elementor-widget-wrap elementor-element-populated\">\n\t\t\t\t\t\t<div class=\"elementor-element elementor-element-285c924 elementor-widget elementor-widget-heading\" data-id=\"285c924\" data-element_type=\"widget\" data-e-type=\"widget\" data-widget_type=\"heading.default\">\n\t\t\t\t<div class=\"elementor-widget-container\">\n\t\t\t\t\t<h1 class=\"elementor-heading-title elementor-size-default\">\u00dcber SERA Peptide<\/h1>\t\t\t\t<\/div>\n\t\t\t\t<\/div>\n\t\t\t\t\t<\/div>\n\t\t<\/div>\n\t\t\t\t\t<\/div>\n\t\t<\/section>\n\t\t\t\t<section class=\"elementor-section elementor-top-section elementor-element elementor-element-7d33ea6 elementor-section-boxed elementor-section-height-default elementor-section-height-default\" data-id=\"7d33ea6\" data-element_type=\"section\" data-e-type=\"section\">\n\t\t\t\t\t\t<div class=\"elementor-container elementor-column-gap-default\">\n\t\t\t\t\t<div class=\"elementor-column elementor-col-50 elementor-top-column elementor-element elementor-element-ce44ef3\" data-id=\"ce44ef3\" data-element_type=\"column\" data-e-type=\"column\">\n\t\t\t<div class=\"elementor-widget-wrap elementor-element-populated\">\n\t\t\t\t\t\t<div class=\"elementor-element elementor-element-e235669 elementor-widget elementor-widget-image\" data-id=\"e235669\" data-element_type=\"widget\" data-e-type=\"widget\" data-widget_type=\"image.default\">\n\t\t\t\t<div class=\"elementor-widget-container\">\n\t\t\t\t\t\t\t\t\t\t\t\t\t\t\t<img fetchpriority=\"high\" decoding=\"async\" width=\"640\" height=\"427\" src=\"https:\/\/serapeplab.com\/wp-content\/uploads\/2026\/04\/sera-lab-1024x683.jpeg\" class=\"attachment-large size-large wp-image-7144\" alt=\"Peptide kaufen\" srcset=\"https:\/\/serapeplab.com\/wp-content\/uploads\/2026\/04\/sera-lab-1024x683.jpeg 1024w, https:\/\/serapeplab.com\/wp-content\/uploads\/2026\/04\/sera-lab-300x200.jpeg 300w, https:\/\/serapeplab.com\/wp-content\/uploads\/2026\/04\/sera-lab-768x512.jpeg 768w, https:\/\/serapeplab.com\/wp-content\/uploads\/2026\/04\/sera-lab-600x400.jpeg 600w, https:\/\/serapeplab.com\/wp-content\/uploads\/2026\/04\/sera-lab.jpeg 1535w\" sizes=\"(max-width: 640px) 100vw, 640px\" \/>\t\t\t\t\t\t\t\t\t\t\t\t\t\t\t<\/div>\n\t\t\t\t<\/div>\n\t\t\t\t\t<\/div>\n\t\t<\/div>\n\t\t\t\t<div class=\"elementor-column elementor-col-50 elementor-top-column elementor-element elementor-element-827726c\" data-id=\"827726c\" data-element_type=\"column\" data-e-type=\"column\">\n\t\t\t<div class=\"elementor-widget-wrap elementor-element-populated\">\n\t\t\t\t\t\t<div class=\"elementor-element elementor-element-173faf5 elementor-widget elementor-widget-image-box\" data-id=\"173faf5\" data-element_type=\"widget\" data-e-type=\"widget\" data-widget_type=\"image-box.default\">\n\t\t\t\t<div class=\"elementor-widget-container\">\n\t\t\t\t\t<div class=\"elementor-image-box-wrapper\"><div class=\"elementor-image-box-content\"><h4 class=\"elementor-image-box-title\">\u00dcber uns<\/h4><p class=\"elementor-image-box-description\">SERA Peptide ist ein vertrauensw\u00fcrdiger Anbieter im Bereich hochreiner Forschungspeptide und spezialisiert auf die Entwicklung und Bereitstellung synthetischer Peptidverbindungen f\u00fcr wissenschaftliche Anwendungen. Peptide, bestehend aus kurzen Aminos\u00e4ureketten, spielen eine zentrale Rolle in der modernen biochemischen und molekularbiologischen Forschung und erm\u00f6glichen pr\u00e4zise Analysen komplexer biologischer Prozesse.\nSeit vielen Jahren werden Peptide weltweit intensiv erforscht und haben sich als unverzichtbare Werkzeuge f\u00fcr Labore und Forschungseinrichtungen etabliert. Unsere Mission ist es, wissenschaftliche und institutionelle Forschung durch ein umfassendes Sortiment hochwertiger Peptide zu unterst\u00fctzen, die unter streng kontrollierten Bedingungen hergestellt werden.<\/p><\/div><\/div>\t\t\t\t<\/div>\n\t\t\t\t<\/div>\n\t\t\t\t\t<\/div>\n\t\t<\/div>\n\t\t\t\t\t<\/div>\n\t\t<\/section>\n\t\t\t\t<section class=\"elementor-section elementor-top-section elementor-element elementor-element-92f95df elementor-section-boxed elementor-section-height-default elementor-section-height-default\" data-id=\"92f95df\" data-element_type=\"section\" data-e-type=\"section\">\n\t\t\t\t\t\t<div class=\"elementor-container elementor-column-gap-default\">\n\t\t\t\t\t<div class=\"elementor-column elementor-col-100 elementor-top-column elementor-element elementor-element-fc7af71\" data-id=\"fc7af71\" data-element_type=\"column\" data-e-type=\"column\">\n\t\t\t<div class=\"elementor-widget-wrap elementor-element-populated\">\n\t\t\t\t\t\t<div class=\"elementor-element elementor-element-3d914ca elementor-widget elementor-widget-text-editor\" data-id=\"3d914ca\" data-element_type=\"widget\" data-e-type=\"widget\" data-widget_type=\"text-editor.default\">\n\t\t\t\t<div class=\"elementor-widget-container\">\n\t\t\t\t\t\t\t\t\t<div class=\"text-base my-auto mx-auto [--thread-content-margin:var(--thread-content-margin-xs,calc(var(--spacing)*4))] @w-sm\/main:[--thread-content-margin:var(--thread-content-margin-sm,calc(var(--spacing)*6))] @w-lg\/main:[--thread-content-margin:var(--thread-content-margin-lg,calc(var(--spacing)*16))] px-(--thread-content-margin)\"><div class=\"[--thread-content-max-width:40rem] @w-lg\/main:[--thread-content-max-width:48rem] mx-auto max-w-(--thread-content-max-width) flex-1 group\/turn-messages focus-visible:outline-hidden relative flex w-full min-w-0 flex-col agent-turn\"><div class=\"flex max-w-full flex-col gap-4 grow\"><div class=\"min-h-8 text-message relative flex w-full flex-col items-end gap-2 text-start break-words whitespace-normal outline-none keyboard-focused:focus-ring [.text-message+&amp;]:mt-1\" dir=\"auto\" data-message-author-role=\"assistant\" data-message-id=\"29b9a768-ea9f-4498-91e9-53be023189de\" data-message-model-slug=\"gpt-5-3\"><div class=\"flex w-full flex-col gap-1 empty:hidden\"><div class=\"markdown prose dark:prose-invert w-full wrap-break-word light markdown-new-styling\"><p data-start=\"911\" data-end=\"1219\">Unser Team konzentriert sich auf die pr\u00e4zise Synthese und Lyophilisierung (Gefriertrocknung) dieser empfindlichen Verbindungen. Durch moderne chemische Verfahren werden Peptide mit h\u00f6chster Genauigkeit hergestellt, w\u00e4hrend die Lyophilisierung ihre Stabilit\u00e4t sichert und eine lange Haltbarkeit gew\u00e4hrleistet.<\/p><p data-start=\"1221\" data-end=\"1558\">Qualit\u00e4t steht bei SERA Peptide an erster Stelle. Jede Charge wird umfangreichen Qualit\u00e4tskontrollen unterzogen und mit fortschrittlichen Analyseverfahren wie HPLC (Hochleistungsfl\u00fcssigkeitschromatographie) und Massenspektrometrie gepr\u00fcft. Erst nach erfolgreicher Verifizierung einer Reinheit von \u226599% werden unsere Produkte freigegeben.<\/p><p data-start=\"1560\" data-end=\"1858\" data-is-last-node=\"\" data-is-only-node=\"\">Neben der Produktqualit\u00e4t legen wir gro\u00dfen Wert auf Zuverl\u00e4ssigkeit, Effizienz und professionellen Service. Unser Ziel ist es, Forschern hochwertige, konsistente und vertrauensw\u00fcrdige Produkte bereitzustellen und damit einen nachhaltigen Beitrag zur wissenschaftlichen Weiterentwicklung zu leisten.<\/p><\/div><\/div><\/div><\/div><div class=\"z-0 flex min-h-[46px] justify-start\">\u00a0<\/div><\/div><\/div>\t\t\t\t\t\t\t\t<\/div>\n\t\t\t\t<\/div>\n\t\t\t\t\t<\/div>\n\t\t<\/div>\n\t\t\t\t\t<\/div>\n\t\t<\/section>\n\t\t\t\t<\/div>\n\t\t","protected":false},"excerpt":{"rendered":"<p>\u00dcber SERA Peptide \u00dcber uns SERA Peptide ist ein vertrauensw\u00fcrdiger Anbieter im Bereich hochreiner Forschungspeptide und spezialisiert auf die Entwicklung und Bereitstellung synthetischer Peptidverbindungen f\u00fcr wissenschaftliche Anwendungen. Peptide, bestehend aus<\/p>","protected":false},"author":1,"featured_media":0,"parent":0,"menu_order":0,"comment_status":"closed","ping_status":"closed","template":"","meta":{"footnotes":""},"class_list":{"1":"page","2":"type-page","3":"status-publish","4":"hentry"},"_hostinger_reach_plugin_has_subscription_block":false,"_hostinger_reach_plugin_is_elementor":false,"_links":{"self":[{"href":"https:\/\/serapeplab.com\/it\/wp-json\/wp\/v2\/pages\/96","targetHints":{"allow":["GET"]}}],"collection":[{"href":"https:\/\/serapeplab.com\/it\/wp-json\/wp\/v2\/pages"}],"about":[{"href":"https:\/\/serapeplab.com\/it\/wp-json\/wp\/v2\/types\/page"}],"author":[{"embeddable":true,"href":"https:\/\/serapeplab.com\/it\/wp-json\/wp\/v2\/users\/1"}],"replies":[{"embeddable":true,"href":"https:\/\/serapeplab.com\/it\/wp-json\/wp\/v2\/comments?post=96"}],"version-history":[{"count":100,"href":"https:\/\/serapeplab.com\/it\/wp-json\/wp\/v2\/pages\/96\/revisions"}],"predecessor-version":[{"id":7599,"href":"https:\/\/serapeplab.com\/it\/wp-json\/wp\/v2\/pages\/96\/revisions\/7599"}],"wp:attachment":[{"href":"https:\/\/serapeplab.com\/it\/wp-json\/wp\/v2\/media?parent=96"}],"curies":[{"name":"wp","href":"https:\/\/api.w.org\/{rel}","templated":true}]}}