{"id":7073,"date":"2026-04-25T11:33:22","date_gmt":"2026-04-25T11:33:22","guid":{"rendered":"https:\/\/serapeplab.com\/?post_type=product&#038;p=7073"},"modified":"2026-04-29T21:57:10","modified_gmt":"2026-04-29T21:57:10","slug":"thymosin-beta-4-kaufen","status":"publish","type":"product","link":"https:\/\/serapeplab.com\/tr\/product\/thymosin-beta-4-kaufen\/","title":{"rendered":"Thymosin Beta-4 kaufen"},"content":{"rendered":"<section class=\"text-token-text-primary w-full focus:outline-none [--shadow-height:45px] has-data-writing-block:pointer-events-none has-data-writing-block:-mt-(--shadow-height) has-data-writing-block:pt-(--shadow-height) [&amp;:has([data-writing-block])&gt;*]:pointer-events-auto [content-visibility:auto] supports-[content-visibility:auto]:[contain-intrinsic-size:auto_100lvh] R6Vx5W_threadScrollVars scroll-mb-[calc(var(--scroll-root-safe-area-inset-bottom,0px)+var(--thread-response-height))] scroll-mt-[calc(var(--header-height)+min(200px,max(70px,20svh)))]\" dir=\"auto\" data-turn-id=\"request-WEB:ee31c867-7621-4aeb-b914-e4f83a119c2e-43\" data-testid=\"conversation-turn-62\" data-scroll-anchor=\"false\" data-turn=\"assistant\">\n<div class=\"text-base my-auto mx-auto pb-10 [--thread-content-margin:var(--thread-content-margin-xs,calc(var(--spacing)*4))] @w-sm\/main:[--thread-content-margin:var(--thread-content-margin-sm,calc(var(--spacing)*6))] @w-lg\/main:[--thread-content-margin:var(--thread-content-margin-lg,calc(var(--spacing)*16))] px-(--thread-content-margin)\">\n<div class=\"[--thread-content-max-width:40rem] @w-lg\/main:[--thread-content-max-width:48rem] mx-auto max-w-(--thread-content-max-width) flex-1 group\/turn-messages focus-visible:outline-hidden relative flex w-full min-w-0 flex-col agent-turn\">\n<div class=\"flex max-w-full flex-col gap-4 grow\">\n<div class=\"min-h-8 text-message relative flex w-full flex-col items-end gap-2 text-start break-words whitespace-normal outline-none keyboard-focused:focus-ring [.text-message+&amp;]:mt-1\" dir=\"auto\" tabindex=\"0\" data-message-author-role=\"assistant\" data-message-id=\"5d78fa56-c5bf-433d-aaf0-8e5da9d62bf9\" data-turn-start-message=\"true\" data-message-model-slug=\"gpt-5-3\">\n<div class=\"flex w-full flex-col gap-1 empty:hidden\">\n<div class=\"markdown prose dark:prose-invert w-full wrap-break-word light markdown-new-styling\">\n<h2 data-section-id=\"15x6i79\" data-start=\"0\" data-end=\"59\" data-is-last-node=\"\" data-is-only-node=\"\">Thymosin Beta-4 kaufen \u2013 Wirkung, Anwendung und Vorteile<\/h2>\n<\/div>\n<\/div>\n<\/div>\n<\/div>\n<\/div>\n<\/div>\n<\/section>\n<p data-start=\"735\" data-end=\"1057\">Thymosin Beta-4 (TB4) ist ein synthetisches Peptid, das in der wissenschaftlichen Forschung zur Untersuchung zellul\u00e4rer Signalwege, molekularer Interaktionen und biologischer Regulationsmechanismen eingesetzt wird. Es geh\u00f6rt zur Familie der Thymosine und dient als Modellsubstanz zur Analyse komplexer zellul\u00e4rer Prozesse. Thymosin Beta-4 kaufen<\/p>\n<p data-start=\"1059\" data-end=\"1324\">In experimentellen Studien wird Thymosin Beta-4 verwendet, um die Rolle von Peptiden in der Zellkommunikation und Signaltransduktion zu untersuchen. Es erm\u00f6glicht die Analyse, wie spezifische Peptidsequenzen die Aktivit\u00e4t biologischer Netzwerke beeinflussen k\u00f6nnen.<\/p>\n<p data-start=\"1326\" data-end=\"1623\">Ein zentraler Schwerpunkt liegt auf der Untersuchung der Interaktion von Thymosin Beta-4 mit zellul\u00e4ren Signalwegen, die an der Regulation von Zellfunktion und molekularen Prozessen beteiligt sind. Dabei wird analysiert, wie das Peptid zur Modulation komplexer biologischer Systeme beitragen kann. Thymosin Beta-4 kaufen<\/p>\n<p data-start=\"1625\" data-end=\"1862\">Dar\u00fcber hinaus wird Thymosin Beta-4 in Studien eingesetzt, die sich mit der Regulation von Genexpression und Proteinaktivit\u00e4t befassen. Es erm\u00f6glicht die Untersuchung komplexer molekularer Mechanismen und deren Einfluss auf Zellprozesse. Thymosin Beta-4 kaufen<\/p>\n<p data-start=\"1864\" data-end=\"2028\">Ein weiterer wichtiger Forschungsbereich umfasst die Analyse von Peptiden als Werkzeuge zur gezielten Untersuchung biologischer Systeme und Signaltransduktionswege.<\/p>\n<p data-start=\"2030\" data-end=\"2251\">Durch seine definierte Struktur, hohe Reinheit und vielseitige Anwendungsm\u00f6glichkeiten ist Thymosin Beta-4 ein etabliertes Forschungspeptid in der modernen Molekularbiologie, Zellbiologie und biotechnologischen Forschung.<\/p>\n<p data-start=\"2253\" data-end=\"2390\">Thymosin Beta-4 kaufen, TB4 Peptid bestellen, Thymosin Beta-4 online kaufen, TB4 kaufen, Peptide kaufen Deutschland.<\/p>\n<hr data-start=\"2392\" data-end=\"2395\" \/>\n<h2 data-section-id=\"olb45b\" data-start=\"2397\" data-end=\"2417\">WIRKMECHANISMUS<\/h2>\n<p data-start=\"2419\" data-end=\"2487\">Thymosin Beta-4 wirkt \u00fcber grundlegende zellul\u00e4re Signalmechanismen:<\/p>\n<ul data-start=\"2489\" data-end=\"2673\">\n<li data-section-id=\"1pliqeb\" data-start=\"2489\" data-end=\"2525\">Modulation zellul\u00e4rer Signalwege<\/li>\n<li data-section-id=\"1htamch\" data-start=\"2526\" data-end=\"2571\">Interaktion mit regulatorischen Proteinen<\/li>\n<li data-section-id=\"qsenw9\" data-start=\"2572\" data-end=\"2602\">Einfluss auf Genexpression<\/li>\n<li data-section-id=\"164drnd\" data-start=\"2603\" data-end=\"2639\">Beteiligung an Zellkommunikation<\/li>\n<li data-section-id=\"17iql2r\" data-start=\"2640\" data-end=\"2673\">Analyse molekularer Netzwerke<\/li>\n<\/ul>\n<p data-start=\"2675\" data-end=\"2804\">Diese Mechanismen machen Thymosin Beta-4 zu einem vielseitigen Molek\u00fcl in der Forschung zu Zellregulation und Signaltransduktion.<\/p>\n<hr data-start=\"2806\" data-end=\"2809\" \/>\n<h3 data-section-id=\"du0gtn\" data-start=\"2811\" data-end=\"2850\">ANWENDUNGSGEBIETE IN DER FORSCHUNG<\/h3>\n<ul data-start=\"2852\" data-end=\"3060\">\n<li data-section-id=\"1hob9fa\" data-start=\"2852\" data-end=\"2904\">Zellbiologische und molekularbiologische Studien<\/li>\n<li data-section-id=\"1lknj2y\" data-start=\"2905\" data-end=\"2940\">Forschung zu Signaltransduktion<\/li>\n<li data-section-id=\"16apufd\" data-start=\"2941\" data-end=\"2977\">Untersuchungen zur Genexpression<\/li>\n<li data-section-id=\"1iq3c1h\" data-start=\"2978\" data-end=\"3009\">Analyse zellul\u00e4rer Prozesse<\/li>\n<li data-section-id=\"wt1wcm\" data-start=\"3010\" data-end=\"3060\">Biotechnologische und experimentelle Forschung<\/li>\n<\/ul>\n<hr data-start=\"3062\" data-end=\"3065\" \/>\n<h2 data-section-id=\"hh46g2\" data-start=\"3067\" data-end=\"3098\">TECHNISCHE SPEZIFIKATIONEN<\/h2>\n<p data-start=\"3100\" data-end=\"3325\">Produktname: Thymosin Beta-4 (TB4)<br data-start=\"3134\" data-end=\"3137\" \/>CAS-Nummer: N\/A<br data-start=\"3152\" data-end=\"3155\" \/>Molek\u00fclformel: C\u2082\u2081\u2082H\u2083\u2085\u2080N\u2085\u2086O\u2087\u2088S<br data-start=\"3185\" data-end=\"3188\" \/>Molekulargewicht: ca. 4963.5 g\/mol<br data-start=\"3222\" data-end=\"3225\" \/>Reinheit: \u226599%<br data-start=\"3239\" data-end=\"3242\" \/>Form: Lyophilisiertes Pulver<br data-start=\"3270\" data-end=\"3273\" \/>Lagerung: -20\u00b0C empfohlen<br data-start=\"3298\" data-end=\"3301\" \/>Haltbarkeit: 24 Monate<\/p>\n<h4 data-section-id=\"gs3dga\" data-start=\"138\" data-end=\"173\">Related Peptides &amp; Categories<\/h4>\n<p data-start=\"175\" data-end=\"526\">Entdecken Sie weitere <a href=\"https:\/\/serapeplab.com\/\">hochreine Peptide<\/a> aus unserem Sortiment und finden Sie passende Alternativen oder erg\u00e4nzende Produkte f\u00fcr Ihre Forschungsanforderungen. Besuchen Sie unsere Kategorien f\u00fcr <a href=\"https:\/\/serapeplab.com\/product-category\/fettabbau-peptide\/\"><strong data-start=\"372\" data-end=\"393\">Fettabbau Peptide<\/strong><\/a>, <a href=\"https:\/\/serapeplab.com\/product-category\/muskelaufbau-peptide\/\"><strong data-start=\"395\" data-end=\"419\">Muskelaufbau Peptide<\/strong><\/a>,\u00a0und <a href=\"https:\/\/serapeplab.com\/product-category\/anti-aging-peptide\/\"><strong data-start=\"451\" data-end=\"473\">Anti-Aging Peptide<\/strong><\/a>, um weitere hochwertige Verbindungen zu entdecken. Sie m\u00f6chten Paletten kaufen? <span style=\"color: #ffffff;\"><a style=\"color: #ffffff;\" href=\"https:\/\/palletstockitalia.com\/\" target=\"_blank\" rel=\"noopener\">Palettenliquidationsware<\/a><\/span><\/p>\n<p data-start=\"528\" data-end=\"609\">\ud83d\udc49 Beliebte Optionen: <a href=\"https:\/\/serapeplab.com\/product\/mots-c-peptid-kaufen\/\">MOTS-c<\/a>,<a href=\"https:\/\/serapeplab.com\/product\/tb-500-kaufen\/\">TB-500<\/a> <a href=\"https:\/\/serapeplab.com\/product\/semaglutid-kaufen\/\"><strong data-start=\"550\" data-end=\"564\">Semaglutid<\/strong><\/a>, <a href=\"https:\/\/serapeplab.com\/product\/tirzepatid-kaufen\/\"><strong data-start=\"566\" data-end=\"580\">Tirzepatid<\/strong><\/a>, <a href=\"https:\/\/serapeplab.com\/product\/bpc-157-peptid-kaufen\/\"><strong data-start=\"582\" data-end=\"593\">BPC-157,<\/strong><\/a>\u00a0<a href=\"https:\/\/serapeplab.com\/product\/ghk-cu-peptid-kaufen-2\/\"><strong data-start=\"598\" data-end=\"608\">GHK-Cu<\/strong><\/a>.<a href=\"https:\/\/serapeplab.com\/product\/retatrutid-kaufen\/\"> Retatrutid,<\/a><\/p>\n","protected":false},"excerpt":{"rendered":"<ul>\n<li>Produktname: Thymosin Beta-4 (TB4)<\/li>\n<li>CAS-Nummer: N\/A<\/li>\n<li>Molek\u00fclformel: C\u2082\u2081\u2082H\u2083\u2085\u2080N\u2085\u2086O\u2087\u2088S<\/li>\n<li>Molekulargewicht: ca. 4963.5 g\/mol<\/li>\n<li>Reinheit: \u226599%<\/li>\n<li>Form: Lyophilisiertes Pulver<\/li>\n<li>Lagerung: -20\u00b0C empfohlen<\/li>\n<li>Haltbarkeit: 24 Monate<\/li>\n<\/ul>","protected":false},"featured_media":7092,"comment_status":"open","ping_status":"closed","template":"","meta":[],"product_brand":[],"product_cat":[15],"product_tag":[49,330,328,329],"class_list":{"0":"post-7073","1":"product","2":"type-product","3":"status-publish","6":"product_cat-uncategorized","7":"product_tag-peptide-kaufen-deutschland","8":"product_tag-tb4-kaufen","9":"product_tag-tb4-peptid-bestellen","10":"product_tag-thymosin-beta-4-online-kaufen","12":"first","13":"instock","14":"shipping-taxable","15":"purchasable","16":"product-type-variable"},"_links":{"self":[{"href":"https:\/\/serapeplab.com\/tr\/wp-json\/wp\/v2\/product\/7073","targetHints":{"allow":["GET"]}}],"collection":[{"href":"https:\/\/serapeplab.com\/tr\/wp-json\/wp\/v2\/product"}],"about":[{"href":"https:\/\/serapeplab.com\/tr\/wp-json\/wp\/v2\/types\/product"}],"replies":[{"embeddable":true,"href":"https:\/\/serapeplab.com\/tr\/wp-json\/wp\/v2\/comments?post=7073"}],"wp:featuredmedia":[{"embeddable":true,"href":"https:\/\/serapeplab.com\/tr\/wp-json\/wp\/v2\/media\/7092"}],"wp:attachment":[{"href":"https:\/\/serapeplab.com\/tr\/wp-json\/wp\/v2\/media?parent=7073"}],"wp:term":[{"taxonomy":"product_brand","embeddable":true,"href":"https:\/\/serapeplab.com\/tr\/wp-json\/wp\/v2\/product_brand?post=7073"},{"taxonomy":"product_cat","embeddable":true,"href":"https:\/\/serapeplab.com\/tr\/wp-json\/wp\/v2\/product_cat?post=7073"},{"taxonomy":"product_tag","embeddable":true,"href":"https:\/\/serapeplab.com\/tr\/wp-json\/wp\/v2\/product_tag?post=7073"}],"curies":[{"name":"wp","href":"https:\/\/api.w.org\/{rel}","templated":true}]}}