{"id":7042,"date":"2026-04-25T09:48:56","date_gmt":"2026-04-25T09:48:56","guid":{"rendered":"https:\/\/serapeplab.com\/?post_type=product&#038;p=7042"},"modified":"2026-04-29T21:57:51","modified_gmt":"2026-04-29T21:57:51","slug":"semaglutid-kaufen","status":"publish","type":"product","link":"https:\/\/serapeplab.com\/zh\/product\/semaglutid-kaufen\/","title":{"rendered":"\u8d2d\u4e70\u585e\u9a6c\u9c81\u80bd"},"content":{"rendered":"<section class=\"text-token-text-primary w-full focus:outline-none [--shadow-height:45px] has-data-writing-block:pointer-events-none has-data-writing-block:-mt-(--shadow-height) has-data-writing-block:pt-(--shadow-height) [&amp;:has([data-writing-block])&gt;*]:pointer-events-auto [content-visibility:auto] supports-[content-visibility:auto]:[contain-intrinsic-size:auto_100lvh] R6Vx5W_threadScrollVars scroll-mb-[calc(var(--scroll-root-safe-area-inset-bottom,0px)+var(--thread-response-height))] scroll-mt-[calc(var(--header-height)+min(200px,max(70px,20svh)))]\" dir=\"auto\" data-turn-id=\"request-WEB:ee31c867-7621-4aeb-b914-e4f83a119c2e-56\" data-testid=\"conversation-turn-88\" data-scroll-anchor=\"false\" data-turn=\"assistant\">\n<div class=\"text-base my-auto mx-auto pb-10 [--thread-content-margin:var(--thread-content-margin-xs,calc(var(--spacing)*4))] @w-sm\/main:[--thread-content-margin:var(--thread-content-margin-sm,calc(var(--spacing)*6))] @w-lg\/main:[--thread-content-margin:var(--thread-content-margin-lg,calc(var(--spacing)*16))] px-(--thread-content-margin)\">\n<div class=\"[--thread-content-max-width:40rem] @w-lg\/main:[--thread-content-max-width:48rem] mx-auto max-w-(--thread-content-max-width) flex-1 group\/turn-messages focus-visible:outline-hidden relative flex w-full min-w-0 flex-col agent-turn\">\n<div class=\"flex max-w-full flex-col gap-4 grow\">\n<div class=\"min-h-8 text-message relative flex w-full flex-col items-end gap-2 text-start break-words whitespace-normal outline-none keyboard-focused:focus-ring [.text-message+&amp;]:mt-1\" dir=\"auto\" tabindex=\"0\" data-message-author-role=\"assistant\" data-message-id=\"c8401af0-7c1e-4918-8d75-560f0a726626\" data-message-model-slug=\"gpt-5-3\" data-turn-start-message=\"true\">\n<div class=\"flex w-full flex-col gap-1 empty:hidden\">\n<div class=\"streaming-animation markdown prose dark:prose-invert w-full wrap-break-word light markdown-new-styling\">\n<h2 data-section-id=\"1a1apsw\" data-start=\"0\" data-end=\"54\" data-is-last-node=\"\" data-is-only-node=\"\">Semaglutid kaufen \u2013 Wirkung, Anwendung und Vorteile<\/h2>\n<\/div>\n<\/div>\n<\/div>\n<\/div>\n<\/div>\n<\/div>\n<\/section>\n<p data-start=\"728\" data-end=\"1081\">Semaglutid ist ein synthetisches Peptid, das in der wissenschaftlichen Forschung zur Untersuchung von GLP-1 (Glucagon-like Peptide-1) abh\u00e4ngigen Signalwegen und metabolischen Prozessen eingesetzt wird. Es geh\u00f6rt zur Klasse der GLP-1-Rezeptoragonisten und dient als wichtiges Werkzeug zur Analyse hormoneller Regulation und zellul\u00e4rer Signaltransduktion. Semaglutid kaufen.<\/p>\n<p data-start=\"1083\" data-end=\"1354\">In experimentellen Studien wird Semaglutid verwendet, um die Aktivierung von GLP-1-Rezeptoren und deren Einfluss auf zellul\u00e4re Signalwege zu untersuchen. Diese Rezeptoren spielen eine zentrale Rolle bei der Regulation von Stoffwechselprozessen und hormonellen Netzwerken. Semaglutid kaufen.<\/p>\n<p data-start=\"1356\" data-end=\"1614\">Ein zentraler Schwerpunkt der Forschung liegt auf der Analyse der GLP-1-vermittelten Signal\u00fcbertragung und deren Einfluss auf Energiehaushalt und Glukosemetabolismus. Semaglutid dient als Modellsubstanz zur Untersuchung dieser komplexen biologischen Systeme. Semaglutid kaufen<\/p>\n<p data-start=\"1616\" data-end=\"1862\">Dar\u00fcber hinaus wird Semaglutid in Studien eingesetzt, die sich mit der Interaktion zwischen hormonellen Signalwegen und zellul\u00e4ren Prozessen befassen. Es erm\u00f6glicht die Analyse, wie Peptide die Regulation von Signalnetzwerken beeinflussen k\u00f6nnen.<\/p>\n<p data-start=\"1864\" data-end=\"2037\">Ein weiterer wichtiger Forschungsbereich umfasst die Untersuchung synthetischer GLP-1-Analoga und deren Rolle in der modernen biochemischen und endokrinologischen Forschung.<\/p>\n<p data-start=\"2039\" data-end=\"2219\">Durch seine definierte Struktur, hohe Reinheit und spezifische Wirkweise ist Semaglutid ein etabliertes Forschungspeptid in der Biochemie, Zellbiologie und metabolischen Forschung.<\/p>\n<p data-start=\"2221\" data-end=\"2364\">Semaglutid kaufen, Semaglutid Peptid bestellen, Semaglutid online kaufen, GLP-1 Peptid kaufen, Peptide kaufen Deutschland.<\/p>\n<hr data-start=\"2366\" data-end=\"2369\" \/>\n<h2 data-section-id=\"olb45b\" data-start=\"2371\" data-end=\"2391\">WIRKMECHANISMUS<\/h2>\n<p data-start=\"2393\" data-end=\"2442\">Semaglutid wirkt \u00fcber GLP-1-abh\u00e4ngige Signalwege:<\/p>\n<ul data-start=\"2444\" data-end=\"2661\">\n<li data-section-id=\"11ivf0\" data-start=\"2444\" data-end=\"2480\">Aktivierung von GLP-1-Rezeptoren<\/li>\n<li data-section-id=\"eoko6b\" data-start=\"2481\" data-end=\"2526\">Modulation hormoneller Signaltransduktion<\/li>\n<li data-section-id=\"cdo9bs\" data-start=\"2527\" data-end=\"2565\">Einfluss auf metabolische Prozesse<\/li>\n<li data-section-id=\"1fruq3u\" data-start=\"2566\" data-end=\"2613\">Beteiligung an zellul\u00e4rer Signal\u00fcbertragung<\/li>\n<li data-section-id=\"1upyafi\" data-start=\"2614\" data-end=\"2661\">Regulation komplexer biologischer Netzwerke<\/li>\n<\/ul>\n<p data-start=\"2663\" data-end=\"2768\">Diese Mechanismen machen Semaglutid zu einem zentralen Molek\u00fcl in der Forschung zu Stoffwechselprozessen.<\/p>\n<hr data-start=\"2770\" data-end=\"2773\" \/>\n<h3 data-section-id=\"du0gtn\" data-start=\"2775\" data-end=\"2814\">ANWENDUNGSGEBIETE IN DER FORSCHUNG<\/h3>\n<ul data-start=\"2816\" data-end=\"3020\">\n<li data-section-id=\"7d0gs0\" data-start=\"2816\" data-end=\"2854\">Metabolische und endokrine Studien<\/li>\n<li data-section-id=\"1bjl47m\" data-start=\"2855\" data-end=\"2889\">Forschung zu GLP-1-Signalwegen<\/li>\n<li data-section-id=\"34z21t\" data-start=\"2890\" data-end=\"2928\">Untersuchungen zum Energiehaushalt<\/li>\n<li data-section-id=\"187dol6\" data-start=\"2929\" data-end=\"2963\">Analyse hormoneller Regulation<\/li>\n<li data-section-id=\"113ftsp\" data-start=\"2964\" data-end=\"3020\">Molekularbiologische und biotechnologische Forschung<\/li>\n<\/ul>\n<hr data-start=\"3022\" data-end=\"3025\" \/>\n<h4 data-section-id=\"hh46g2\" data-start=\"3027\" data-end=\"3058\">TECHNISCHE SPEZIFIKATIONEN<\/h4>\n<p data-start=\"3060\" data-end=\"3281\">Produktname: Semaglutid<br data-start=\"3083\" data-end=\"3086\" \/>CAS-Nummer: 910463-68-2<br data-start=\"3109\" data-end=\"3112\" \/>Molek\u00fclformel: C\u2081\u2088\u2087H\u2082\u2089\u2081N\u2084\u2085O\u2085\u2089<br data-start=\"3141\" data-end=\"3144\" \/>Molekulargewicht: ca. 4113.6 g\/mol<br data-start=\"3178\" data-end=\"3181\" \/>Reinheit: \u226599%<br data-start=\"3195\" data-end=\"3198\" \/>Form: Lyophilisiertes Pulver<br data-start=\"3226\" data-end=\"3229\" \/>Lagerung: -20\u00b0C empfohlen<br data-start=\"3254\" data-end=\"3257\" \/>Haltbarkeit: 24 Monate<\/p>\n<h4 data-section-id=\"gs3dga\" data-start=\"138\" data-end=\"173\">Related Peptides &amp; Categories<\/h4>\n<p data-start=\"175\" data-end=\"526\">Entdecken Sie weitere <a href=\"https:\/\/serapeplab.com\/\">hochreine Peptide<\/a> aus unserem Sortiment und finden Sie passende Alternativen oder erg\u00e4nzende Produkte f\u00fcr Ihre Forschungsanforderungen. Besuchen Sie unsere Kategorien f\u00fcr <a href=\"https:\/\/serapeplab.com\/product-category\/fettabbau-peptide\/\"><strong data-start=\"372\" data-end=\"393\">Fettabbau Peptide<\/strong><\/a>, <a href=\"https:\/\/serapeplab.com\/product-category\/muskelaufbau-peptide\/\"><strong data-start=\"395\" data-end=\"419\">Muskelaufbau Peptide<\/strong><\/a>,\u00a0und <a href=\"https:\/\/serapeplab.com\/product-category\/anti-aging-peptide\/\"><strong data-start=\"451\" data-end=\"473\">Anti-Aging Peptide<\/strong><\/a>, um weitere hochwertige Verbindungen zu entdecken. Sie m\u00f6chten Paletten kaufen? <span style=\"color: #ffffff;\"><a style=\"color: #ffffff;\" href=\"https:\/\/palletstockitalia.com\/\" target=\"_blank\" rel=\"noopener\">Palettenliquidationsware<\/a><\/span><\/p>\n<p data-start=\"528\" data-end=\"609\">\ud83d\udc49 Beliebte Optionen: <a href=\"https:\/\/serapeplab.com\/product\/mots-c-peptid-kaufen\/\">MOTS-c<\/a>,<a href=\"https:\/\/serapeplab.com\/product\/tb-500-kaufen\/\">TB-500<\/a> <a href=\"https:\/\/serapeplab.com\/product\/semaglutid-kaufen\/\"><strong data-start=\"550\" data-end=\"564\">Semaglutid<\/strong><\/a>, <a href=\"https:\/\/serapeplab.com\/product\/tirzepatid-kaufen\/\"><strong data-start=\"566\" data-end=\"580\">Tirzepatid<\/strong><\/a>, <a href=\"https:\/\/serapeplab.com\/product\/bpc-157-peptid-kaufen\/\"><strong data-start=\"582\" data-end=\"593\">BPC-157,<\/strong><\/a>\u00a0<a href=\"https:\/\/serapeplab.com\/product\/ghk-cu-peptid-kaufen-2\/\"><strong data-start=\"598\" data-end=\"608\">GHK-Cu<\/strong><\/a>.<a href=\"https:\/\/serapeplab.com\/product\/retatrutid-kaufen\/\"> Retatrutid,<\/a><\/p>\n","protected":false},"excerpt":{"rendered":"<ul>\n<li>Produktname: Semaglutid<\/li>\n<li>CAS-Nummer: 910463-68-2<\/li>\n<li>Molek\u00fclformel: C\u2081\u2088\u2087H\u2082\u2089\u2081N\u2084\u2085O\u2085\u2089<\/li>\n<li>Molekulargewicht: ca. 4113.6 g\/mol<\/li>\n<li>Reinheit: \u226599%<\/li>\n<li>Form: Lyophilisiertes Pulver<\/li>\n<li>Lagerung: -20\u00b0C empfohlen<\/li>\n<li>Haltbarkeit: 24 Monate<\/li>\n<\/ul>","protected":false},"featured_media":7093,"comment_status":"open","ping_status":"closed","template":"","meta":[],"product_brand":[],"product_cat":[358],"product_tag":[226,49,290,292,291],"class_list":{"0":"post-7042","1":"product","2":"type-product","3":"status-publish","6":"product_cat-fettabbau-peptide","7":"product_tag-glp-1-peptid-kaufen","8":"product_tag-peptide-kaufen-deutschland","9":"product_tag-semaglutid-kaufen","10":"product_tag-semaglutid-online-kaufen","11":"product_tag-semaglutid-peptid-bestellen","13":"first","14":"instock","15":"shipping-taxable","16":"purchasable","17":"product-type-variable"},"_links":{"self":[{"href":"https:\/\/serapeplab.com\/zh\/wp-json\/wp\/v2\/product\/7042","targetHints":{"allow":["GET"]}}],"collection":[{"href":"https:\/\/serapeplab.com\/zh\/wp-json\/wp\/v2\/product"}],"about":[{"href":"https:\/\/serapeplab.com\/zh\/wp-json\/wp\/v2\/types\/product"}],"replies":[{"embeddable":true,"href":"https:\/\/serapeplab.com\/zh\/wp-json\/wp\/v2\/comments?post=7042"}],"wp:featuredmedia":[{"embeddable":true,"href":"https:\/\/serapeplab.com\/zh\/wp-json\/wp\/v2\/media\/7093"}],"wp:attachment":[{"href":"https:\/\/serapeplab.com\/zh\/wp-json\/wp\/v2\/media?parent=7042"}],"wp:term":[{"taxonomy":"product_brand","embeddable":true,"href":"https:\/\/serapeplab.com\/zh\/wp-json\/wp\/v2\/product_brand?post=7042"},{"taxonomy":"product_cat","embeddable":true,"href":"https:\/\/serapeplab.com\/zh\/wp-json\/wp\/v2\/product_cat?post=7042"},{"taxonomy":"product_tag","embeddable":true,"href":"https:\/\/serapeplab.com\/zh\/wp-json\/wp\/v2\/product_tag?post=7042"}],"curies":[{"name":"wp","href":"https:\/\/api.w.org\/{rel}","templated":true}]}}